{"id":125,"date":"2017-09-19T18:22:18","date_gmt":"2017-09-19T21:22:18","guid":{"rendered":"http:\/\/raizesescola.com.br\/?page_id=125"},"modified":"2025-05-16T14:53:43","modified_gmt":"2025-05-16T17:53:43","slug":"proposta-pedagogica","status":"publish","type":"page","link":"http:\/\/raizesescola.com.br\/unidade-2\/proposta-pedagogica\/","title":{"rendered":"Proposta pedag\u00f3gica"},"content":{"rendered":"\t\t<div data-elementor-type=\"wp-post\" data-elementor-id=\"125\" class=\"elementor elementor-125\" data-elementor-post-type=\"page\">\n\t\t\t\t\t\t<section class=\"elementor-section elementor-top-section elementor-element elementor-element-19ea3f5 elementor-section-boxed elementor-section-height-default elementor-section-height-default\" data-id=\"19ea3f5\" data-element_type=\"section\">\n\t\t\t\t\t\t<div class=\"elementor-container elementor-column-gap-default\">\n\t\t\t\t\t<div class=\"elementor-column elementor-col-100 elementor-top-column elementor-element elementor-element-d52fa37\" data-id=\"d52fa37\" data-element_type=\"column\">\n\t\t\t<div class=\"elementor-widget-wrap elementor-element-populated\">\n\t\t\t\t\t\t<div class=\"elementor-element elementor-element-68ff094 elementor-widget elementor-widget-text-editor\" data-id=\"68ff094\" data-element_type=\"widget\" data-widget_type=\"text-editor.default\">\n\t\t\t\t<div class=\"elementor-widget-container\">\n\t\t\t<style>\/*! elementor - v3.23.0 - 05-08-2024 *\/\n.elementor-widget-text-editor.elementor-drop-cap-view-stacked .elementor-drop-cap{background-color:#69727d;color:#fff}.elementor-widget-text-editor.elementor-drop-cap-view-framed .elementor-drop-cap{color:#69727d;border:3px solid;background-color:transparent}.elementor-widget-text-editor:not(.elementor-drop-cap-view-default) .elementor-drop-cap{margin-top:8px}.elementor-widget-text-editor:not(.elementor-drop-cap-view-default) .elementor-drop-cap-letter{width:1em;height:1em}.elementor-widget-text-editor .elementor-drop-cap{float:left;text-align:center;line-height:1;font-size:50px}.elementor-widget-text-editor .elementor-drop-cap-letter{display:inline-block}<\/style>\t\t\t\t<p class=\"MsoNormal\" style=\"text-align: justify;line-height: normal;background-image: initial;background-position: initial;background-size: initial;background-attachment: initial\"><span style=\"color: #000000\"><b><span style=\"font-size: 12pt;font-family: Arial, sans-serif\">Valores <\/span><\/b><\/span><\/p><p class=\"MsoNormal\" style=\"text-align: justify;line-height: normal;background-image: initial;background-position: initial;background-size: initial;background-attachment: initial\"><span style=\"font-size: 12pt;font-family: Arial, sans-serif;color: #000000\">O respeito ao ser humano e a valoriza\u00e7\u00e3o das rela\u00e7\u00f5es humanas em suas dimens\u00f5es mais amplas s\u00e3o nossos principais valores com aten\u00e7\u00e3o especial \u00e0 forma\u00e7\u00e3o do car\u00e1ter e \u00e0 cidadania.<\/span><\/p>\t\t\t\t\t\t<\/div>\n\t\t\t\t<\/div>\n\t\t\t\t<div class=\"elementor-element elementor-element-4c16734 elementor-widget elementor-widget-image\" data-id=\"4c16734\" data-element_type=\"widget\" data-widget_type=\"image.default\">\n\t\t\t\t<div class=\"elementor-widget-container\">\n\t\t\t<style>\/*! elementor - v3.23.0 - 05-08-2024 *\/\n.elementor-widget-image{text-align:center}.elementor-widget-image a{display:inline-block}.elementor-widget-image a img[src$=\".svg\"]{width:48px}.elementor-widget-image img{vertical-align:middle;display:inline-block}<\/style>\t\t\t\t\t\t\t\t\t\t<img fetchpriority=\"high\" width=\"800\" height=\"511\" src=\"http:\/\/raizesescola.com.br\/unidade-2\/wp-content\/uploads\/sites\/5\/2019\/10\/FOTO01_Proposta_Pedagogica-1024x654.jpg\" class=\"attachment-large size-large wp-image-1189\" alt=\"\" srcset=\"http:\/\/raizesescola.com.br\/unidade-2\/wp-content\/uploads\/sites\/5\/2019\/10\/FOTO01_Proposta_Pedagogica-1024x654.jpg 1024w, http:\/\/raizesescola.com.br\/unidade-2\/wp-content\/uploads\/sites\/5\/2019\/10\/FOTO01_Proposta_Pedagogica-300x192.jpg 300w, http:\/\/raizesescola.com.br\/unidade-2\/wp-content\/uploads\/sites\/5\/2019\/10\/FOTO01_Proposta_Pedagogica-768x490.jpg 768w, http:\/\/raizesescola.com.br\/unidade-2\/wp-content\/uploads\/sites\/5\/2019\/10\/FOTO01_Proposta_Pedagogica.jpg 1543w\" sizes=\"(max-width: 800px) 100vw, 800px\" \/>\t\t\t\t\t\t\t\t\t\t\t\t\t<\/div>\n\t\t\t\t<\/div>\n\t\t\t\t\t<\/div>\n\t\t<\/div>\n\t\t\t\t\t<\/div>\n\t\t<\/section>\n\t\t\t\t<section class=\"elementor-section elementor-top-section elementor-element elementor-element-a8c3deb elementor-section-boxed elementor-section-height-default elementor-section-height-default\" data-id=\"a8c3deb\" data-element_type=\"section\">\n\t\t\t\t\t\t<div class=\"elementor-container elementor-column-gap-default\">\n\t\t\t\t\t<div class=\"elementor-column elementor-col-100 elementor-top-column elementor-element elementor-element-7893c68\" data-id=\"7893c68\" data-element_type=\"column\">\n\t\t\t<div class=\"elementor-widget-wrap elementor-element-populated\">\n\t\t\t\t\t\t<div class=\"elementor-element elementor-element-e2087c6 elementor-widget elementor-widget-text-editor\" data-id=\"e2087c6\" data-element_type=\"widget\" data-widget_type=\"text-editor.default\">\n\t\t\t\t<div class=\"elementor-widget-container\">\n\t\t\t\t\t\t\t<p class=\"MsoNormal\" style=\"text-align: justify;line-height: normal;background-image: initial;background-position: initial;background-size: initial;background-attachment: initial\"><span style=\"color: #000000\"><b><span style=\"font-size: 12pt;font-family: Arial, sans-serif\">Proposta Pedag\u00f3gica<\/span><\/b><\/span><\/p><p class=\"MsoNormal\" style=\"text-align: justify;line-height: normal;background-image: initial;background-position: initial;background-size: initial;background-attachment: initial\"><span style=\"color: #000000\"><span style=\"font-size: 12pt;font-family: Arial, sans-serif\">Nosso projeto pedag\u00f3gico \u00e9 uma proposta inovadora, com objetivo de suprir as necessidades educativas do mundo contempor\u00e2neo, integrado com a Base Nacional Comum Curricular (BNCC) e com as melhor<\/span><span style=\"font-size: 12pt;font-family: Arial, sans-serif\">es propostas da comunidade educativa internacional.\u00a0 Baseado em uma matriz de compet\u00eancias e habilidades que conecta em rede todos os atores do processo (estudantes, professores, escolas, fam\u00edlias, membros da comunidade) por meio de um curr\u00edculo que visa a forma\u00e7\u00e3o integral, ambientes diferenciados, metodologias ativas e utiliza\u00e7\u00e3o de tecnologias.<\/span><\/span><\/p>\t\t\t\t\t\t<\/div>\n\t\t\t\t<\/div>\n\t\t\t\t<div class=\"elementor-element elementor-element-d3438e4 elementor-widget elementor-widget-image\" data-id=\"d3438e4\" data-element_type=\"widget\" data-widget_type=\"image.default\">\n\t\t\t\t<div class=\"elementor-widget-container\">\n\t\t\t\t\t\t\t\t\t\t\t\t\t<img width=\"800\" height=\"495\" src=\"http:\/\/raizesescola.com.br\/unidade-2\/wp-content\/uploads\/sites\/5\/2019\/10\/FOTO02_Proposta_Pedagogica-1024x633.jpg\" class=\"attachment-large size-large wp-image-1190\" alt=\"\" srcset=\"http:\/\/raizesescola.com.br\/unidade-2\/wp-content\/uploads\/sites\/5\/2019\/10\/FOTO02_Proposta_Pedagogica-1024x633.jpg 1024w, http:\/\/raizesescola.com.br\/unidade-2\/wp-content\/uploads\/sites\/5\/2019\/10\/FOTO02_Proposta_Pedagogica-300x186.jpg 300w, http:\/\/raizesescola.com.br\/unidade-2\/wp-content\/uploads\/sites\/5\/2019\/10\/FOTO02_Proposta_Pedagogica-768x475.jpg 768w, http:\/\/raizesescola.com.br\/unidade-2\/wp-content\/uploads\/sites\/5\/2019\/10\/FOTO02_Proposta_Pedagogica.jpg 1662w\" sizes=\"(max-width: 800px) 100vw, 800px\" \/>\t\t\t\t\t\t\t\t\t\t\t\t\t<\/div>\n\t\t\t\t<\/div>\n\t\t\t\t\t<\/div>\n\t\t<\/div>\n\t\t\t\t\t<\/div>\n\t\t<\/section>\n\t\t\t\t<section class=\"elementor-section elementor-top-section elementor-element elementor-element-86e1817 elementor-section-boxed elementor-section-height-default elementor-section-height-default\" data-id=\"86e1817\" data-element_type=\"section\">\n\t\t\t\t\t\t<div class=\"elementor-container elementor-column-gap-default\">\n\t\t\t\t\t<div class=\"elementor-column elementor-col-100 elementor-top-column elementor-element elementor-element-53cf7d6\" data-id=\"53cf7d6\" data-element_type=\"column\">\n\t\t\t<div class=\"elementor-widget-wrap elementor-element-populated\">\n\t\t\t\t\t\t<div class=\"elementor-element elementor-element-6a5a077 elementor-widget elementor-widget-text-editor\" data-id=\"6a5a077\" data-element_type=\"widget\" data-widget_type=\"text-editor.default\">\n\t\t\t\t<div class=\"elementor-widget-container\">\n\t\t\t\t\t\t\t<p class=\"MsoNormal\" style=\"text-align: justify;line-height: normal;background-image: initial;background-position: initial;background-size: initial;background-attachment: initial\"><span style=\"color: #000000\"><b><span style=\"font-size: 12pt;font-family: Arial, sans-serif\">Curr\u00edculo<\/span><\/b><\/span><\/p><p class=\"MsoNormal\" style=\"text-align: justify;line-height: normal;background-image: initial;background-position: initial;background-size: initial;background-attachment: initial\"><span style=\"font-size: 12pt;font-family: Arial, sans-serif;color: #000000\">O curr\u00edculo foi transformado de um conjunto de informa\u00e7\u00f5es a serem transmitidas em um conjunto de pr\u00e1ticas investigativas e realizadoras em que o estudante \u00e9 o pr\u00f3prio agente de investiga\u00e7\u00e3o e o professor trabalha como mediador e orientador desses processos de aprendizagem.<\/span><\/p><p class=\"MsoNormal\" style=\"text-align: justify;line-height: normal;background-image: initial;background-position: initial;background-size: initial;background-attachment: initial\"><span style=\"font-size: 12pt;font-family: Arial, sans-serif;color: #000000\">O objetivo \u00e9 desenvolver profici\u00eancia acad\u00eamica, habilidades e compet\u00eancias relevantes para a vida e a sociedade: pensamento cr\u00edtico, autoconhecimento (reconhecer e lidar com emo\u00e7\u00f5es), comunica\u00e7\u00e3o, colabora\u00e7\u00e3o, esp\u00edrito empreendedor.<\/span><\/p>\t\t\t\t\t\t<\/div>\n\t\t\t\t<\/div>\n\t\t\t\t<div class=\"elementor-element elementor-element-9ed4156 elementor-widget elementor-widget-image\" data-id=\"9ed4156\" data-element_type=\"widget\" data-widget_type=\"image.default\">\n\t\t\t\t<div class=\"elementor-widget-container\">\n\t\t\t\t\t\t\t\t\t\t\t\t\t<img width=\"800\" height=\"600\" src=\"http:\/\/raizesescola.com.br\/unidade-2\/wp-content\/uploads\/sites\/5\/2024\/03\/WhatsApp-Image-2023-09-05-at-19.02.06-5.jpeg\" class=\"attachment-large size-large wp-image-3715\" alt=\"\" srcset=\"http:\/\/raizesescola.com.br\/unidade-2\/wp-content\/uploads\/sites\/5\/2024\/03\/WhatsApp-Image-2023-09-05-at-19.02.06-5.jpeg 1024w, http:\/\/raizesescola.com.br\/unidade-2\/wp-content\/uploads\/sites\/5\/2024\/03\/WhatsApp-Image-2023-09-05-at-19.02.06-5-300x225.jpeg 300w, http:\/\/raizesescola.com.br\/unidade-2\/wp-content\/uploads\/sites\/5\/2024\/03\/WhatsApp-Image-2023-09-05-at-19.02.06-5-768x576.jpeg 768w\" sizes=\"(max-width: 800px) 100vw, 800px\" \/>\t\t\t\t\t\t\t\t\t\t\t\t\t<\/div>\n\t\t\t\t<\/div>\n\t\t\t\t\t<\/div>\n\t\t<\/div>\n\t\t\t\t\t<\/div>\n\t\t<\/section>\n\t\t\t\t<section class=\"elementor-section elementor-top-section elementor-element elementor-element-9ceee9c elementor-section-boxed elementor-section-height-default elementor-section-height-default\" data-id=\"9ceee9c\" data-element_type=\"section\">\n\t\t\t\t\t\t<div class=\"elementor-container elementor-column-gap-default\">\n\t\t\t\t\t<div class=\"elementor-column elementor-col-100 elementor-top-column elementor-element elementor-element-0741c60\" data-id=\"0741c60\" data-element_type=\"column\">\n\t\t\t<div class=\"elementor-widget-wrap elementor-element-populated\">\n\t\t\t\t\t\t<div class=\"elementor-element elementor-element-9985e60 elementor-widget elementor-widget-text-editor\" data-id=\"9985e60\" data-element_type=\"widget\" data-widget_type=\"text-editor.default\">\n\t\t\t\t<div class=\"elementor-widget-container\">\n\t\t\t\t\t\t\t<p class=\"MsoNormal\" style=\"text-align: justify;line-height: normal;background-image: initial;background-position: initial;background-size: initial;background-attachment: initial\"><span style=\"color: #000000\"><b><span style=\"font-size: 12pt;font-family: Arial, sans-serif\">Ambientes Escolares<\/span><\/b><\/span><\/p><p class=\"MsoNormal\" style=\"text-align: justify;line-height: normal;background-image: initial;background-position: initial;background-size: initial;background-attachment: initial\"><span style=\"font-size: 12pt;font-family: Arial, sans-serif;color: #000000\">A escola deve ser um espa\u00e7o onde o estudante sinta prazer em estar, al\u00e9m de possuir ambientes que potencializem a criatividade, a solidariedade, o trabalho cooperativo e a valoriza\u00e7\u00e3o da diversidade e das diferen\u00e7as, colaborando com a promo\u00e7\u00e3o da equidade.<\/span><\/p>\t\t\t\t\t\t<\/div>\n\t\t\t\t<\/div>\n\t\t\t\t<div class=\"elementor-element elementor-element-e23bb35 elementor-widget elementor-widget-image\" data-id=\"e23bb35\" data-element_type=\"widget\" data-widget_type=\"image.default\">\n\t\t\t\t<div class=\"elementor-widget-container\">\n\t\t\t\t\t\t\t\t\t\t\t\t\t<img loading=\"lazy\" width=\"800\" height=\"525\" src=\"http:\/\/raizesescola.com.br\/unidade-2\/wp-content\/uploads\/sites\/5\/2025\/05\/26032025-IMG_0726-1024x672.jpg\" class=\"attachment-large size-large wp-image-7661\" alt=\"\" srcset=\"http:\/\/raizesescola.com.br\/unidade-2\/wp-content\/uploads\/sites\/5\/2025\/05\/26032025-IMG_0726-1024x672.jpg 1024w, http:\/\/raizesescola.com.br\/unidade-2\/wp-content\/uploads\/sites\/5\/2025\/05\/26032025-IMG_0726-300x197.jpg 300w, http:\/\/raizesescola.com.br\/unidade-2\/wp-content\/uploads\/sites\/5\/2025\/05\/26032025-IMG_0726-768x504.jpg 768w, http:\/\/raizesescola.com.br\/unidade-2\/wp-content\/uploads\/sites\/5\/2025\/05\/26032025-IMG_0726-1536x1008.jpg 1536w, http:\/\/raizesescola.com.br\/unidade-2\/wp-content\/uploads\/sites\/5\/2025\/05\/26032025-IMG_0726-2048x1345.jpg 2048w\" sizes=\"(max-width: 800px) 100vw, 800px\" \/>\t\t\t\t\t\t\t\t\t\t\t\t\t<\/div>\n\t\t\t\t<\/div>\n\t\t\t\t<div class=\"elementor-element elementor-element-b3c2ca8 elementor-widget elementor-widget-text-editor\" data-id=\"b3c2ca8\" data-element_type=\"widget\" data-widget_type=\"text-editor.default\">\n\t\t\t\t<div class=\"elementor-widget-container\">\n\t\t\t\t\t\t\t<p class=\"MsoNormal\" style=\"text-align: justify;line-height: normal;background-image: initial;background-position: initial;background-size: initial;background-attachment: initial\"><span style=\"font-size: 12pt;font-family: Arial, sans-serif;color: #000000\">Possu\u00edmos salas de pesquisa nas quais os estudantes s\u00e3o os protagonistas do pr\u00f3prio aprendizado, trabalhando em grupos, utilizando recursos f\u00edsicos e digitais, sala <i>maker<\/i> onde o estudante constr\u00f3i seus projetos, \u00e1rea com mata nativa e p\u00e1tio arborizado que favorecem o contato com a natureza.<\/span><\/p>\t\t\t\t\t\t<\/div>\n\t\t\t\t<\/div>\n\t\t\t\t<div class=\"elementor-element elementor-element-4383f7b elementor-widget elementor-widget-image\" data-id=\"4383f7b\" data-element_type=\"widget\" data-widget_type=\"image.default\">\n\t\t\t\t<div class=\"elementor-widget-container\">\n\t\t\t\t\t\t\t\t\t\t\t\t\t<img loading=\"lazy\" width=\"768\" height=\"1024\" src=\"http:\/\/raizesescola.com.br\/unidade-2\/wp-content\/uploads\/sites\/5\/2024\/04\/WhatsApp-Image-2024-02-22-at-18.32.39-768x1024.jpeg\" class=\"attachment-large size-large wp-image-5088\" alt=\"\" srcset=\"http:\/\/raizesescola.com.br\/unidade-2\/wp-content\/uploads\/sites\/5\/2024\/04\/WhatsApp-Image-2024-02-22-at-18.32.39-768x1024.jpeg 768w, http:\/\/raizesescola.com.br\/unidade-2\/wp-content\/uploads\/sites\/5\/2024\/04\/WhatsApp-Image-2024-02-22-at-18.32.39-225x300.jpeg 225w, http:\/\/raizesescola.com.br\/unidade-2\/wp-content\/uploads\/sites\/5\/2024\/04\/WhatsApp-Image-2024-02-22-at-18.32.39-1152x1536.jpeg 1152w, http:\/\/raizesescola.com.br\/unidade-2\/wp-content\/uploads\/sites\/5\/2024\/04\/WhatsApp-Image-2024-02-22-at-18.32.39.jpeg 1200w\" sizes=\"(max-width: 768px) 100vw, 768px\" \/>\t\t\t\t\t\t\t\t\t\t\t\t\t<\/div>\n\t\t\t\t<\/div>\n\t\t\t\t\t<\/div>\n\t\t<\/div>\n\t\t\t\t\t<\/div>\n\t\t<\/section>\n\t\t\t\t<section class=\"elementor-section elementor-top-section elementor-element elementor-element-d58a0bf elementor-section-boxed elementor-section-height-default elementor-section-height-default\" data-id=\"d58a0bf\" data-element_type=\"section\">\n\t\t\t\t\t\t<div class=\"elementor-container elementor-column-gap-default\">\n\t\t\t\t\t<div class=\"elementor-column elementor-col-100 elementor-top-column elementor-element elementor-element-739d994\" data-id=\"739d994\" data-element_type=\"column\">\n\t\t\t<div class=\"elementor-widget-wrap elementor-element-populated\">\n\t\t\t\t\t\t<div class=\"elementor-element elementor-element-0209954 elementor-widget elementor-widget-text-editor\" data-id=\"0209954\" data-element_type=\"widget\" data-widget_type=\"text-editor.default\">\n\t\t\t\t<div class=\"elementor-widget-container\">\n\t\t\t\t\t\t\t<p class=\"MsoNormal\" style=\"text-align: justify;line-height: normal;background-image: initial;background-position: initial;background-size: initial;background-attachment: initial\"><span style=\"color: #000000\"><b><span style=\"font-size: 12pt;font-family: Arial, sans-serif\">Metodologias<\/span><\/b><\/span><\/p><p class=\"MsoNormal\" style=\"text-align: justify;line-height: normal;background-image: initial;background-position: initial;background-size: initial;background-attachment: initial\"><span style=\"font-size: 12pt;font-family: Arial, sans-serif;color: #000000\">Foco em metodologias ativas que promovem o protagonismo do estudante, como por exemplo, aulas de projetos, onde os estudantes s\u00e3o incentivados a organizar e construir seu pr\u00f3prio percurso educacional, utilizando habilidades cognitivas como organiza\u00e7\u00e3o, s\u00edntese, gest\u00e3o de tempo e pesquisa, al\u00e9m de outras habilidades como trabalho em equipe, responsabilidade e resolu\u00e7\u00e3o de conflitos.<\/span><\/p>\t\t\t\t\t\t<\/div>\n\t\t\t\t<\/div>\n\t\t\t\t<div class=\"elementor-element elementor-element-e62250e elementor-widget elementor-widget-image\" data-id=\"e62250e\" data-element_type=\"widget\" data-widget_type=\"image.default\">\n\t\t\t\t<div class=\"elementor-widget-container\">\n\t\t\t\t\t\t\t\t\t\t\t\t\t<img loading=\"lazy\" width=\"800\" height=\"600\" src=\"http:\/\/raizesescola.com.br\/unidade-2\/wp-content\/uploads\/sites\/5\/2024\/03\/WhatsApp-Image-2023-09-05-at-19.04.09.jpeg\" class=\"attachment-large size-large wp-image-3709\" alt=\"\" srcset=\"http:\/\/raizesescola.com.br\/unidade-2\/wp-content\/uploads\/sites\/5\/2024\/03\/WhatsApp-Image-2023-09-05-at-19.04.09.jpeg 1024w, http:\/\/raizesescola.com.br\/unidade-2\/wp-content\/uploads\/sites\/5\/2024\/03\/WhatsApp-Image-2023-09-05-at-19.04.09-300x225.jpeg 300w, http:\/\/raizesescola.com.br\/unidade-2\/wp-content\/uploads\/sites\/5\/2024\/03\/WhatsApp-Image-2023-09-05-at-19.04.09-768x576.jpeg 768w\" sizes=\"(max-width: 800px) 100vw, 800px\" \/>\t\t\t\t\t\t\t\t\t\t\t\t\t<\/div>\n\t\t\t\t<\/div>\n\t\t\t\t<div class=\"elementor-element elementor-element-7ade1b7 elementor-widget elementor-widget-text-editor\" data-id=\"7ade1b7\" data-element_type=\"widget\" data-widget_type=\"text-editor.default\">\n\t\t\t\t<div class=\"elementor-widget-container\">\n\t\t\t\t\t\t\t<p class=\"MsoNormal\" style=\"text-align: justify;line-height: normal;background-image: initial;background-position: initial;background-size: initial;background-attachment: initial\"><span style=\"font-size: 12pt;font-family: Arial, sans-serif;color: #000000\">As metodologias fundamentam-se no reconhecimento de que cada estudante \u00e9 um ser singular e deve pautar seu aprendizado e desenvolvimento de acordo com seus interesses, habilidades e ritmo (personaliza\u00e7\u00e3o).<\/span><\/p>\t\t\t\t\t\t<\/div>\n\t\t\t\t<\/div>\n\t\t\t\t<div class=\"elementor-element elementor-element-681eb34 elementor-widget elementor-widget-image\" data-id=\"681eb34\" data-element_type=\"widget\" data-widget_type=\"image.default\">\n\t\t\t\t<div class=\"elementor-widget-container\">\n\t\t\t\t\t\t\t\t\t\t\t\t\t<img loading=\"lazy\" width=\"800\" height=\"534\" src=\"http:\/\/raizesescola.com.br\/unidade-2\/wp-content\/uploads\/sites\/5\/2024\/03\/IMG_2512-1024x683.jpg\" class=\"attachment-large size-large wp-image-3710\" alt=\"\" srcset=\"http:\/\/raizesescola.com.br\/unidade-2\/wp-content\/uploads\/sites\/5\/2024\/03\/IMG_2512-1024x683.jpg 1024w, http:\/\/raizesescola.com.br\/unidade-2\/wp-content\/uploads\/sites\/5\/2024\/03\/IMG_2512-300x200.jpg 300w, http:\/\/raizesescola.com.br\/unidade-2\/wp-content\/uploads\/sites\/5\/2024\/03\/IMG_2512-768x512.jpg 768w, http:\/\/raizesescola.com.br\/unidade-2\/wp-content\/uploads\/sites\/5\/2024\/03\/IMG_2512-1536x1024.jpg 1536w, http:\/\/raizesescola.com.br\/unidade-2\/wp-content\/uploads\/sites\/5\/2024\/03\/IMG_2512.jpg 2048w\" sizes=\"(max-width: 800px) 100vw, 800px\" \/>\t\t\t\t\t\t\t\t\t\t\t\t\t<\/div>\n\t\t\t\t<\/div>\n\t\t\t\t\t<\/div>\n\t\t<\/div>\n\t\t\t\t\t<\/div>\n\t\t<\/section>\n\t\t\t\t<\/div>\n\t\t","protected":false},"excerpt":{"rendered":"<p>Valores O respeito ao ser humano e a valoriza\u00e7\u00e3o das rela\u00e7\u00f5es humanas em suas dimens\u00f5es mais amplas s\u00e3o nossos principais valores com aten\u00e7\u00e3o especial \u00e0 forma\u00e7\u00e3o do car\u00e1ter e \u00e0 &#8230;<\/p>\n","protected":false},"author":2,"featured_media":0,"parent":0,"menu_order":0,"comment_status":"closed","ping_status":"closed","template":"","meta":{"_joinchat":[]},"_links":{"self":[{"href":"http:\/\/raizesescola.com.br\/unidade-2\/wp-json\/wp\/v2\/pages\/125"}],"collection":[{"href":"http:\/\/raizesescola.com.br\/unidade-2\/wp-json\/wp\/v2\/pages"}],"about":[{"href":"http:\/\/raizesescola.com.br\/unidade-2\/wp-json\/wp\/v2\/types\/page"}],"author":[{"embeddable":true,"href":"http:\/\/raizesescola.com.br\/unidade-2\/wp-json\/wp\/v2\/users\/2"}],"replies":[{"embeddable":true,"href":"http:\/\/raizesescola.com.br\/unidade-2\/wp-json\/wp\/v2\/comments?post=125"}],"version-history":[{"count":55,"href":"http:\/\/raizesescola.com.br\/unidade-2\/wp-json\/wp\/v2\/pages\/125\/revisions"}],"predecessor-version":[{"id":7668,"href":"http:\/\/raizesescola.com.br\/unidade-2\/wp-json\/wp\/v2\/pages\/125\/revisions\/7668"}],"wp:attachment":[{"href":"http:\/\/raizesescola.com.br\/unidade-2\/wp-json\/wp\/v2\/media?parent=125"}],"curies":[{"name":"wp","href":"https:\/\/api.w.org\/{rel}","templated":true}]}}