{"id":8060,"date":"2025-10-08T12:13:38","date_gmt":"2025-10-08T15:13:38","guid":{"rendered":"https:\/\/raizesescola.com.br\/unidade-2\/?page_id=8060"},"modified":"2025-10-10T16:29:38","modified_gmt":"2025-10-10T19:29:38","slug":"depoimentos","status":"publish","type":"page","link":"http:\/\/raizesescola.com.br\/unidade-2\/depoimentos\/","title":{"rendered":"Depoimentos"},"content":{"rendered":"\t\t<div data-elementor-type=\"wp-post\" data-elementor-id=\"8060\" class=\"elementor elementor-8060\" data-elementor-post-type=\"page\">\n\t\t\t\t<div class=\"elementor-element elementor-element-a4cce77 e-flex e-con-boxed e-con e-parent\" data-id=\"a4cce77\" data-element_type=\"container\">\n\t\t\t\t\t<div class=\"e-con-inner\">\n\t\t\t\t<div class=\"elementor-element elementor-element-6a23389 elementor-widget elementor-widget-spacer\" data-id=\"6a23389\" data-element_type=\"widget\" data-widget_type=\"spacer.default\">\n\t\t\t\t<div class=\"elementor-widget-container\">\n\t\t\t<style>\/*! elementor - v3.23.0 - 05-08-2024 *\/\n.elementor-column .elementor-spacer-inner{height:var(--spacer-size)}.e-con{--container-widget-width:100%}.e-con-inner>.elementor-widget-spacer,.e-con>.elementor-widget-spacer{width:var(--container-widget-width,var(--spacer-size));--align-self:var(--container-widget-align-self,initial);--flex-shrink:0}.e-con-inner>.elementor-widget-spacer>.elementor-widget-container,.e-con>.elementor-widget-spacer>.elementor-widget-container{height:100%;width:100%}.e-con-inner>.elementor-widget-spacer>.elementor-widget-container>.elementor-spacer,.e-con>.elementor-widget-spacer>.elementor-widget-container>.elementor-spacer{height:100%}.e-con-inner>.elementor-widget-spacer>.elementor-widget-container>.elementor-spacer>.elementor-spacer-inner,.e-con>.elementor-widget-spacer>.elementor-widget-container>.elementor-spacer>.elementor-spacer-inner{height:var(--container-widget-height,var(--spacer-size))}.e-con-inner>.elementor-widget-spacer.elementor-widget-empty,.e-con>.elementor-widget-spacer.elementor-widget-empty{position:relative;min-height:22px;min-width:22px}.e-con-inner>.elementor-widget-spacer.elementor-widget-empty .elementor-widget-empty-icon,.e-con>.elementor-widget-spacer.elementor-widget-empty .elementor-widget-empty-icon{position:absolute;top:0;bottom:0;left:0;right:0;margin:auto;padding:0;width:22px;height:22px}<\/style>\t\t<div class=\"elementor-spacer\">\n\t\t\t<div class=\"elementor-spacer-inner\"><\/div>\n\t\t<\/div>\n\t\t\t\t<\/div>\n\t\t\t\t<\/div>\n\t\t\t\t\t<\/div>\n\t\t\t\t<\/div>\n\t\t<div class=\"elementor-element elementor-element-a75e064 e-flex e-con-boxed e-con e-parent\" data-id=\"a75e064\" data-element_type=\"container\">\n\t\t\t\t\t<div class=\"e-con-inner\">\n\t\t\t\t<div class=\"elementor-element elementor-element-e6cebf2 elementor-widget-divider--view-line elementor-widget elementor-widget-divider\" data-id=\"e6cebf2\" data-element_type=\"widget\" data-widget_type=\"divider.default\">\n\t\t\t\t<div class=\"elementor-widget-container\">\n\t\t\t<style>\/*! elementor - v3.23.0 - 05-08-2024 *\/\n.elementor-widget-divider{--divider-border-style:none;--divider-border-width:1px;--divider-color:#0c0d0e;--divider-icon-size:20px;--divider-element-spacing:10px;--divider-pattern-height:24px;--divider-pattern-size:20px;--divider-pattern-url:none;--divider-pattern-repeat:repeat-x}.elementor-widget-divider .elementor-divider{display:flex}.elementor-widget-divider .elementor-divider__text{font-size:15px;line-height:1;max-width:95%}.elementor-widget-divider .elementor-divider__element{margin:0 var(--divider-element-spacing);flex-shrink:0}.elementor-widget-divider .elementor-icon{font-size:var(--divider-icon-size)}.elementor-widget-divider .elementor-divider-separator{display:flex;margin:0;direction:ltr}.elementor-widget-divider--view-line_icon .elementor-divider-separator,.elementor-widget-divider--view-line_text .elementor-divider-separator{align-items:center}.elementor-widget-divider--view-line_icon .elementor-divider-separator:after,.elementor-widget-divider--view-line_icon .elementor-divider-separator:before,.elementor-widget-divider--view-line_text .elementor-divider-separator:after,.elementor-widget-divider--view-line_text .elementor-divider-separator:before{display:block;content:\"\";border-block-end:0;flex-grow:1;border-block-start:var(--divider-border-width) var(--divider-border-style) var(--divider-color)}.elementor-widget-divider--element-align-left .elementor-divider .elementor-divider-separator>.elementor-divider__svg:first-of-type{flex-grow:0;flex-shrink:100}.elementor-widget-divider--element-align-left .elementor-divider-separator:before{content:none}.elementor-widget-divider--element-align-left .elementor-divider__element{margin-left:0}.elementor-widget-divider--element-align-right .elementor-divider .elementor-divider-separator>.elementor-divider__svg:last-of-type{flex-grow:0;flex-shrink:100}.elementor-widget-divider--element-align-right .elementor-divider-separator:after{content:none}.elementor-widget-divider--element-align-right .elementor-divider__element{margin-right:0}.elementor-widget-divider--element-align-start .elementor-divider .elementor-divider-separator>.elementor-divider__svg:first-of-type{flex-grow:0;flex-shrink:100}.elementor-widget-divider--element-align-start .elementor-divider-separator:before{content:none}.elementor-widget-divider--element-align-start .elementor-divider__element{margin-inline-start:0}.elementor-widget-divider--element-align-end .elementor-divider .elementor-divider-separator>.elementor-divider__svg:last-of-type{flex-grow:0;flex-shrink:100}.elementor-widget-divider--element-align-end .elementor-divider-separator:after{content:none}.elementor-widget-divider--element-align-end .elementor-divider__element{margin-inline-end:0}.elementor-widget-divider:not(.elementor-widget-divider--view-line_text):not(.elementor-widget-divider--view-line_icon) .elementor-divider-separator{border-block-start:var(--divider-border-width) var(--divider-border-style) var(--divider-color)}.elementor-widget-divider--separator-type-pattern{--divider-border-style:none}.elementor-widget-divider--separator-type-pattern.elementor-widget-divider--view-line .elementor-divider-separator,.elementor-widget-divider--separator-type-pattern:not(.elementor-widget-divider--view-line) .elementor-divider-separator:after,.elementor-widget-divider--separator-type-pattern:not(.elementor-widget-divider--view-line) .elementor-divider-separator:before,.elementor-widget-divider--separator-type-pattern:not([class*=elementor-widget-divider--view]) .elementor-divider-separator{width:100%;min-height:var(--divider-pattern-height);-webkit-mask-size:var(--divider-pattern-size) 100%;mask-size:var(--divider-pattern-size) 100%;-webkit-mask-repeat:var(--divider-pattern-repeat);mask-repeat:var(--divider-pattern-repeat);background-color:var(--divider-color);-webkit-mask-image:var(--divider-pattern-url);mask-image:var(--divider-pattern-url)}.elementor-widget-divider--no-spacing{--divider-pattern-size:auto}.elementor-widget-divider--bg-round{--divider-pattern-repeat:round}.rtl .elementor-widget-divider .elementor-divider__text{direction:rtl}.e-con-inner>.elementor-widget-divider,.e-con>.elementor-widget-divider{width:var(--container-widget-width,100%);--flex-grow:var(--container-widget-flex-grow)}<\/style>\t\t<div class=\"elementor-divider\">\n\t\t\t<span class=\"elementor-divider-separator\">\n\t\t\t\t\t\t<\/span>\n\t\t<\/div>\n\t\t\t\t<\/div>\n\t\t\t\t<\/div>\n\t\t\t\t\t<\/div>\n\t\t\t\t<\/div>\n\t\t<div class=\"elementor-element elementor-element-df857b9 elementor-hidden-tablet elementor-hidden-mobile e-flex e-con-boxed e-con e-parent\" data-id=\"df857b9\" data-element_type=\"container\">\n\t\t\t\t\t<div class=\"e-con-inner\">\n\t\t\t\t<div class=\"elementor-element elementor-element-30b32d3 elementor-widget elementor-widget-heading\" data-id=\"30b32d3\" data-element_type=\"widget\" data-widget_type=\"heading.default\">\n\t\t\t\t<div class=\"elementor-widget-container\">\n\t\t\t<style>\/*! elementor - v3.23.0 - 05-08-2024 *\/\n.elementor-heading-title{padding:0;margin:0;line-height:1}.elementor-widget-heading .elementor-heading-title[class*=elementor-size-]>a{color:inherit;font-size:inherit;line-height:inherit}.elementor-widget-heading .elementor-heading-title.elementor-size-small{font-size:15px}.elementor-widget-heading .elementor-heading-title.elementor-size-medium{font-size:19px}.elementor-widget-heading .elementor-heading-title.elementor-size-large{font-size:29px}.elementor-widget-heading .elementor-heading-title.elementor-size-xl{font-size:39px}.elementor-widget-heading .elementor-heading-title.elementor-size-xxl{font-size:59px}<\/style><h1 class=\"elementor-heading-title elementor-size-default\">Depoimentos<\/h1>\t\t<\/div>\n\t\t\t\t<\/div>\n\t\t\t\t\t<\/div>\n\t\t\t\t<\/div>\n\t\t<div class=\"elementor-element elementor-element-2ea90ad e-flex e-con-boxed e-con e-parent\" data-id=\"2ea90ad\" data-element_type=\"container\">\n\t\t\t\t\t<div class=\"e-con-inner\">\n\t\t\t\t<div class=\"elementor-element elementor-element-1cb134b elementor-hidden-desktop elementor-widget elementor-widget-heading\" data-id=\"1cb134b\" data-element_type=\"widget\" data-widget_type=\"heading.default\">\n\t\t\t\t<div class=\"elementor-widget-container\">\n\t\t\t<h3 class=\"elementor-heading-title elementor-size-default\">Depoimentos<\/h3>\t\t<\/div>\n\t\t\t\t<\/div>\n\t\t\t\t\t<\/div>\n\t\t\t\t<\/div>\n\t\t<div class=\"elementor-element elementor-element-1f88b4b e-flex e-con-boxed e-con e-parent\" data-id=\"1f88b4b\" data-element_type=\"container\">\n\t\t\t\t\t<div class=\"e-con-inner\">\n\t\t\t\t<div class=\"elementor-element elementor-element-1003355 elementor-widget-divider--view-line elementor-widget elementor-widget-divider\" data-id=\"1003355\" data-element_type=\"widget\" data-widget_type=\"divider.default\">\n\t\t\t\t<div class=\"elementor-widget-container\">\n\t\t\t\t\t<div class=\"elementor-divider\">\n\t\t\t<span class=\"elementor-divider-separator\">\n\t\t\t\t\t\t<\/span>\n\t\t<\/div>\n\t\t\t\t<\/div>\n\t\t\t\t<\/div>\n\t\t\t\t\t<\/div>\n\t\t\t\t<\/div>\n\t\t<div class=\"elementor-element elementor-element-f1cfe8b e-flex e-con-boxed e-con e-parent\" data-id=\"f1cfe8b\" data-element_type=\"container\">\n\t\t\t\t\t<div class=\"e-con-inner\">\n\t\t\t\t<div class=\"elementor-element elementor-element-47d9a15 elementor-widget elementor-widget-spacer\" data-id=\"47d9a15\" data-element_type=\"widget\" data-widget_type=\"spacer.default\">\n\t\t\t\t<div class=\"elementor-widget-container\">\n\t\t\t\t\t<div class=\"elementor-spacer\">\n\t\t\t<div class=\"elementor-spacer-inner\"><\/div>\n\t\t<\/div>\n\t\t\t\t<\/div>\n\t\t\t\t<\/div>\n\t\t\t\t\t<\/div>\n\t\t\t\t<\/div>\n\t\t<div class=\"elementor-element elementor-element-cbd1f36 e-flex e-con-boxed e-con e-parent\" data-id=\"cbd1f36\" data-element_type=\"container\">\n\t\t\t\t\t<div class=\"e-con-inner\">\n\t\t\t\t<div class=\"elementor-element elementor-element-d8a51d3 elementor-widget elementor-widget-html\" data-id=\"d8a51d3\" data-element_type=\"widget\" data-widget_type=\"html.default\">\n\t\t\t\t<div class=\"elementor-widget-container\">\n\t\t\t<div class=\"depoimento-container\">\r\n  <div class=\"depoimento-perfil\">\r\n    <img src=\"http:\/\/raizesescola.com.br\/unidade-2\/wp-content\/uploads\/sites\/5\/2025\/10\/Captura-de-tela-2025-10-08-133706.png\" alt=\"Foto do depoente\" class=\"depoimento-foto\">\r\n    <h3 class=\"depoimento-nome\">Julia Terra<\/h3>\r\n    <p class=\"depoimento-tipo\">Ex-Aluna<\/p>\r\n  <\/div>\r\n\r\n  <div class=\"depoimento-conteudo\">\r\n    <div class=\"depoimento-texto\">\r\n      <i class=\"fas fa-quote-left aspas\"><\/i>\r\n      <p>\r\n         <div class=\"depoimento-video\">\r\n      <h4>Assista ao depoimento em v\u00eddeo:<\/h4>\r\n      <div class=\"video-wrapper\">\r\n        <iframe\r\n          src=\"https:\/\/www.youtube.com\/embed\/sa4qyj06Xow\"\r\n          frameborder=\"0\"\r\n          allow=\"accelerometer; autoplay; clipboard-write; encrypted-media; gyroscope; picture-in-picture\"\r\n          allowfullscreen>\r\n        <\/iframe>\r\n      <\/div>.\r\n      <i class=\"fas fa-quote-right aspas\"><\/i>\r\n    <\/div>\r\n\r\n    <div class=\"depoimento-detalhes\">\r\n      <p><strong>Atualmente:<\/strong> <\/p>\r\n    <\/div>\r\n\r\n    <!-- Se tiver v\u00eddeo -->\r\n   \r\n    <\/div>\r\n  <\/div>\r\n<\/div>\r\n\t\t<\/div>\n\t\t\t\t<\/div>\n\t\t\t\t\t<\/div>\n\t\t\t\t<\/div>\n\t\t<div class=\"elementor-element elementor-element-b769622 e-flex e-con-boxed e-con e-parent\" data-id=\"b769622\" data-element_type=\"container\">\n\t\t\t\t\t<div class=\"e-con-inner\">\n\t\t\t\t<div class=\"elementor-element elementor-element-517b7b5 elementor-widget elementor-widget-html\" data-id=\"517b7b5\" data-element_type=\"widget\" data-widget_type=\"html.default\">\n\t\t\t\t<div class=\"elementor-widget-container\">\n\t\t\t<div class=\"depoimento-container\">\r\n  <div class=\"depoimento-perfil\">\r\n    <img src=\"http:\/\/raizesescola.com.br\/unidade-2\/wp-content\/uploads\/sites\/5\/2025\/10\/WhatsApp-Image-2025-10-01-at-14.59.12.jpeg\" alt=\"Foto do depoente\" class=\"depoimento-foto\">\r\n    <h3 class=\"depoimento-nome\">Renata Pascucci<\/h3>\r\n    <p class=\"depoimento-tipo\">M\u00e3e de Ex-Aluna<\/p>\r\n  <\/div>\r\n\r\n  <div class=\"depoimento-conteudo\">\r\n    <div class=\"depoimento-texto\">\r\n      <i class=\"fas fa-quote-left aspas\"><\/i>\r\n      <p>\r\n        No Ra\u00edzes, meus filhos s\u00e3o acolhidos do jeitinho que s\u00e3o. A escola valoriza as caracter\u00edsticas de cada um e prop\u00f5e viv\u00eancias em grupo que despertam consci\u00eancia social, ambiental e humana. \u00c9 mais do que ensino, \u00e9 constru\u00e7\u00e3o de valores.\r\n      <\/p>\r\n      <i class=\"fas fa-quote-right aspas\"><\/i>\r\n    <\/div>\r\n\r\n    <div class=\"depoimento-detalhes\">\r\n            <p><strong>Atualmente:<\/strong> <\/p>\r\n    <\/div>\r\n <\/div>\r\n<\/div>\r\n\t\t<\/div>\n\t\t\t\t<\/div>\n\t\t\t\t\t<\/div>\n\t\t\t\t<\/div>\n\t\t<div class=\"elementor-element elementor-element-89ca768 e-flex e-con-boxed e-con e-parent\" data-id=\"89ca768\" data-element_type=\"container\">\n\t\t\t\t\t<div class=\"e-con-inner\">\n\t\t\t\t<div class=\"elementor-element elementor-element-97e4470 elementor-widget elementor-widget-html\" data-id=\"97e4470\" data-element_type=\"widget\" data-widget_type=\"html.default\">\n\t\t\t\t<div class=\"elementor-widget-container\">\n\t\t\t<div class=\"depoimento-container\">\r\n  <div class=\"depoimento-perfil\">\r\n    <img src=\"http:\/\/raizesescola.com.br\/unidade-2\/wp-content\/uploads\/sites\/5\/2025\/09\/WhatsApp-Image-2025-09-30-at-13.09.16.jpeg\" alt=\"Foto do depoente\" class=\"depoimento-foto\">\r\n    <h3 class=\"depoimento-nome\">Angela Schubert<\/h3>\r\n    <p class=\"depoimento-tipo\">M\u00e3e de Ex-Aluna<\/p>\r\n  <\/div>\r\n\r\n  <div class=\"depoimento-conteudo\">\r\n    <div class=\"depoimento-texto\">\r\n      <i class=\"fas fa-quote-left aspas\"><\/i>\r\n      <p>\r\n        Nosso filho iniciou no Ra\u00edzes aos 2 anos e permaneceu at\u00e9 o fim do Ensino M\u00e9dio, sendo aprovado na UFSC em 5\u00ba lugar nacional. A escola sempre nos acolheu com afeto, escuta e autonomia, valorizando a forma\u00e7\u00e3o cr\u00edtica e cidad\u00e3. O olhar socioambiental e a parceria com as fam\u00edlias fizeram toda a diferen\u00e7a. Temos gratid\u00e3o por cada etapa vivida. S\u00f3 boas mem\u00f3rias!\r\n      <\/p>\r\n      <i class=\"fas fa-quote-right aspas\"><\/i>\r\n    <\/div>\r\n\r\n    <div class=\"depoimento-detalhes\">\r\n            <p><strong>Atualmente:<\/strong> <\/p>\r\n    <\/div>\r\n <\/div>\r\n<\/div>\r\n\t\t<\/div>\n\t\t\t\t<\/div>\n\t\t\t\t\t<\/div>\n\t\t\t\t<\/div>\n\t\t<div class=\"elementor-element elementor-element-a848041 e-flex e-con-boxed e-con e-parent\" data-id=\"a848041\" data-element_type=\"container\">\n\t\t\t\t\t<div class=\"e-con-inner\">\n\t\t\t\t<div class=\"elementor-element elementor-element-2c71a36 elementor-widget elementor-widget-html\" data-id=\"2c71a36\" data-element_type=\"widget\" data-widget_type=\"html.default\">\n\t\t\t\t<div class=\"elementor-widget-container\">\n\t\t\t<div class=\"depoimento-container\">\r\n  <div class=\"depoimento-perfil\">\r\n    <img src=\"http:\/\/raizesescola.com.br\/unidade-2\/wp-content\/uploads\/sites\/5\/2025\/09\/b953413d-adfe-46c9-87fd-01b6738241f1.jpg\" alt=\"Foto do depoente\" class=\"depoimento-foto\">\r\n    <h3 class=\"depoimento-nome\">T\u00e9o Amaral<\/h3>\r\n    <p class=\"depoimento-tipo\">Ex-Aluno<\/p>\r\n  <\/div>\r\n\r\n  <div class=\"depoimento-conteudo\">\r\n    <div class=\"depoimento-texto\">\r\n      <i class=\"fas fa-quote-left aspas\"><\/i>\r\n      <p>\r\n        Me formei em 2023, atualmente curso Psicologia e posso afirmar que o Ra\u00edzes formou uma pessoa criativa, proativa e principalmente com senso cr\u00edtico, onde sempre estive em contato com a forma\u00e7\u00e3o de projetos e trabalhos, que me ajudam muito em minha faculdade e em meu est\u00e1gio.\r\n      <\/p>\r\n      <i class=\"fas fa-quote-right aspas\"><\/i>\r\n    <\/div>\r\n\r\n    <div class=\"depoimento-detalhes\">\r\n            <p><strong>Atualmente:<\/strong> <\/p>\r\n    <\/div>\r\n <\/div>\r\n<\/div>\r\n\t\t<\/div>\n\t\t\t\t<\/div>\n\t\t\t\t\t<\/div>\n\t\t\t\t<\/div>\n\t\t<div class=\"elementor-element elementor-element-b7dca09 e-flex e-con-boxed e-con e-parent\" data-id=\"b7dca09\" data-element_type=\"container\">\n\t\t\t\t\t<div class=\"e-con-inner\">\n\t\t\t\t<div class=\"elementor-element elementor-element-0984e8d elementor-widget elementor-widget-html\" data-id=\"0984e8d\" data-element_type=\"widget\" data-widget_type=\"html.default\">\n\t\t\t\t<div class=\"elementor-widget-container\">\n\t\t\t<div class=\"depoimento-container\">\r\n  <div class=\"depoimento-perfil\">\r\n    <img src=\"http:\/\/raizesescola.com.br\/unidade-2\/wp-content\/uploads\/sites\/5\/2025\/09\/f52471a7-8d4f-4cf3-b1c1-c84f9edf491c.jpg\" alt=\"Foto do depoente\" class=\"depoimento-foto\">\r\n    <h3 class=\"depoimento-nome\">Luca Zorel Perrotti<\/h3>\r\n    <p class=\"depoimento-tipo\">Ex-Aluno<\/p>\r\n  <\/div>\r\n\r\n  <div class=\"depoimento-conteudo\">\r\n    <div class=\"depoimento-texto\">\r\n      <i class=\"fas fa-quote-left aspas\"><\/i>\r\n      <p>\r\n        LUCA ZOREL PERROTTI\r\nEX-ALUNO\r\n\"Estou No 4\u00ba Semestre De Engenharia Bioqu\u00edmica Na FURG, E Desde Ent\u00e3o Venho Percebendo O Quanto O Ra\u00edzes Impactou Nas Minhas Escolhas, Como A Pr\u00f3pria Escolha Do Curso Que \u00c9 Bem Voltado Para Consci\u00eancia Ambiental E Redu\u00e7\u00e3o Dos Impactos Humanos Na Natureza. O Ensino Do Ra\u00edzes Tamb\u00e9m Me Ajudou Muito A Organizar Trabalhos Em Grupo E Ter Ideias Criativas Em Projetos De Extens\u00e3o. Sou Muito Grato Por Tudo Que Aprendi Nessa Escola E Hoje Sei Que A Maioria Desses Aprendizados N\u00e3o Encontraria Em Qualquer Lugar.\r\n      <\/p>\r\n      <i class=\"fas fa-quote-right aspas\"><\/i>\r\n    <\/div>\r\n\r\n    <div class=\"depoimento-detalhes\">\r\n            <p><strong>Atualmente:<\/strong> <\/p>\r\n    <\/div>\r\n <\/div>\r\n<\/div>\r\n\t\t<\/div>\n\t\t\t\t<\/div>\n\t\t\t\t\t<\/div>\n\t\t\t\t<\/div>\n\t\t<div class=\"elementor-element elementor-element-ea0791d e-flex e-con-boxed e-con e-parent\" data-id=\"ea0791d\" data-element_type=\"container\">\n\t\t\t\t\t<div class=\"e-con-inner\">\n\t\t\t\t<div class=\"elementor-element elementor-element-8d7cc0d elementor-widget elementor-widget-html\" data-id=\"8d7cc0d\" data-element_type=\"widget\" data-widget_type=\"html.default\">\n\t\t\t\t<div class=\"elementor-widget-container\">\n\t\t\t<div class=\"depoimento-container\">\r\n  <div class=\"depoimento-perfil\">\r\n    <img src=\"http:\/\/raizesescola.com.br\/unidade-2\/wp-content\/uploads\/sites\/5\/2024\/09\/Perola.jpg\" alt=\"Foto do depoente\" class=\"depoimento-foto\">\r\n    <h3 class=\"depoimento-nome\">Perola Vitorino<\/h3>\r\n    <p class=\"depoimento-tipo\">Ex-Aluna<\/p>\r\n  <\/div>\r\n\r\n  <div class=\"depoimento-conteudo\">\r\n    <div class=\"depoimento-texto\">\r\n      <i class=\"fas fa-quote-left aspas\"><\/i>\r\n      <p>\r\n        Tive o privil\u00e9gio de ter feito parte da fam\u00edlia Ra\u00edzes. Nos 11 anos de conviv\u00eancia fiz \u00f3timos amigos, aprendi sobre valores e criei mem\u00f3rias afetivas. Sa\u00ed uma mulher preparada, segura e determinada.\r\n      <\/p>\r\n      <i class=\"fas fa-quote-right aspas\"><\/i>\r\n    <\/div>\r\n\r\n    <div class=\"depoimento-detalhes\">\r\n            <p><strong>Atualmente:<\/strong> <\/p>\r\n    <\/div>\r\n <\/div>\r\n<\/div>\r\n\t\t<\/div>\n\t\t\t\t<\/div>\n\t\t\t\t\t<\/div>\n\t\t\t\t<\/div>\n\t\t<div class=\"elementor-element elementor-element-f4af668 e-flex e-con-boxed e-con e-parent\" data-id=\"f4af668\" data-element_type=\"container\">\n\t\t\t\t\t<div class=\"e-con-inner\">\n\t\t\t\t<div class=\"elementor-element elementor-element-892c7e8 elementor-widget elementor-widget-html\" data-id=\"892c7e8\" data-element_type=\"widget\" data-widget_type=\"html.default\">\n\t\t\t\t<div class=\"elementor-widget-container\">\n\t\t\t<div class=\"depoimento-container\">\r\n  <div class=\"depoimento-perfil\">\r\n    <img src=\"http:\/\/raizesescola.com.br\/unidade-2\/wp-content\/uploads\/sites\/5\/2024\/09\/Tito-Guidotti-foto.jpg\" alt=\"Foto do depoente\" class=\"depoimento-foto\">\r\n    <h3 class=\"depoimento-nome\">Tito Guidotti<\/h3>\r\n    <p class=\"depoimento-tipo\">Ex-Aluno<\/p>\r\n  <\/div>\r\n\r\n  <div class=\"depoimento-conteudo\">\r\n    <div class=\"depoimento-texto\">\r\n      <i class=\"fas fa-quote-left aspas\"><\/i>\r\n      <p>\r\n        Oi\u00ea! Eu sou o Tito, me formei no colegial em 2019 e hoje estudo Ci\u00eancia da Computa\u00e7\u00e3o. O Ra\u00edzes me ajudou a lidar com projetos, trabalhos e est\u00e1gio.\r\n      <\/p>\r\n      <i class=\"fas fa-quote-right aspas\"><\/i>\r\n    <\/div>\r\n\r\n    <div class=\"depoimento-detalhes\">\r\n            <p><strong>Atualmente:<\/strong> <\/p>\r\n    <\/div>\r\n <\/div>\r\n<\/div>\r\n\t\t<\/div>\n\t\t\t\t<\/div>\n\t\t\t\t\t<\/div>\n\t\t\t\t<\/div>\n\t\t<div class=\"elementor-element elementor-element-215610c e-flex e-con-boxed e-con e-parent\" data-id=\"215610c\" data-element_type=\"container\">\n\t\t\t\t\t<div class=\"e-con-inner\">\n\t\t\t\t<div class=\"elementor-element elementor-element-9e130ee elementor-widget elementor-widget-html\" data-id=\"9e130ee\" data-element_type=\"widget\" data-widget_type=\"html.default\">\n\t\t\t\t<div class=\"elementor-widget-container\">\n\t\t\t<div class=\"depoimento-container\">\r\n  <div class=\"depoimento-perfil\">\r\n    <img src=\"http:\/\/raizesescola.com.br\/unidade-2\/wp-content\/uploads\/sites\/5\/2024\/09\/Nicolly-Medeiros-Araujo-foto.jpg\" alt=\"Foto do depoente\" class=\"depoimento-foto\">\r\n    <h3 class=\"depoimento-nome\">Nicolly Medeiros<\/h3>\r\n    <p class=\"depoimento-tipo\">Ex-Aluna<\/p>\r\n  <\/div>\r\n\r\n  <div class=\"depoimento-conteudo\">\r\n    <div class=\"depoimento-texto\">\r\n      <i class=\"fas fa-quote-left aspas\"><\/i>\r\n      <p>\r\n        Me chamo Nicolly Medeiros Ara\u00fajo, estudei no Ra\u00edzes desde o Ensino Fundamental II e aprendi muito sobre responsabilidade. Hoje fa\u00e7o Medicina e sinto muita falta da \u00e9poca do Ra\u00edzes.\r\n      <\/p>\r\n      <i class=\"fas fa-quote-right aspas\"><\/i>\r\n    <\/div>\r\n\r\n    <div class=\"depoimento-detalhes\">\r\n            <p><strong>Atualmente:<\/strong> <p>\r\n    <\/div>\r\n <\/div>\r\n<\/div>\r\n\t\t<\/div>\n\t\t\t\t<\/div>\n\t\t\t\t\t<\/div>\n\t\t\t\t<\/div>\n\t\t<div class=\"elementor-element elementor-element-38eae4f e-flex e-con-boxed e-con e-parent\" data-id=\"38eae4f\" data-element_type=\"container\">\n\t\t\t\t\t<div class=\"e-con-inner\">\n\t\t\t\t<div class=\"elementor-element elementor-element-75b6b52 elementor-widget elementor-widget-html\" data-id=\"75b6b52\" data-element_type=\"widget\" data-widget_type=\"html.default\">\n\t\t\t\t<div class=\"elementor-widget-container\">\n\t\t\t<div class=\"depoimento-container\">\r\n  <div class=\"depoimento-perfil\">\r\n    <img src=\"http:\/\/raizesescola.com.br\/unidade-2\/wp-content\/uploads\/sites\/5\/2024\/10\/Kauai-Schubert-Lobato-foto-1.jpg\" alt=\"Foto do depoente\" class=\"depoimento-foto\">\r\n    <h3 class=\"depoimento-nome\">Kauai Schubert Lobato<\/h3>\r\n    <p class=\"depoimento-tipo\">Ex-Aluno<\/p>\r\n  <\/div>\r\n\r\n  <div class=\"depoimento-conteudo\">\r\n    <div class=\"depoimento-texto\">\r\n      <i class=\"fas fa-quote-left aspas\"><\/i>\r\n      <p>\r\n        A escola Ra\u00edzes me preparou principalmente para a responsabilidade de estudar para o Enem e cursar uma Universidade Federal. Al\u00e9m disso, me ensinou valores pr\u00f3ximos ao meio ambiente e aos meus amigos, que me formaram como pessoa.\r\n      <\/p>\r\n      <i class=\"fas fa-quote-right aspas\"><\/i>\r\n    <\/div>\r\n\r\n    <div class=\"depoimento-detalhes\">\r\n            <p><strong>Atualmente:<\/strong> <\/p>\r\n    <\/div>\r\n <\/div>\r\n<\/div>\r\n\t\t<\/div>\n\t\t\t\t<\/div>\n\t\t\t\t\t<\/div>\n\t\t\t\t<\/div>\n\t\t\t\t<\/div>\n\t\t","protected":false},"excerpt":{"rendered":"<p>Depoimentos Depoimentos Julia Terra Ex-Aluna Assista ao depoimento em v\u00eddeo: . Atualmente: Renata Pascucci M\u00e3e de Ex-Aluna No Ra\u00edzes, meus filhos s\u00e3o acolhidos do jeitinho que s\u00e3o. A escola valoriza &#8230;<\/p>\n","protected":false},"author":6,"featured_media":0,"parent":0,"menu_order":0,"comment_status":"closed","ping_status":"closed","template":"elementor_header_footer","meta":{"_joinchat":[]},"_links":{"self":[{"href":"http:\/\/raizesescola.com.br\/unidade-2\/wp-json\/wp\/v2\/pages\/8060"}],"collection":[{"href":"http:\/\/raizesescola.com.br\/unidade-2\/wp-json\/wp\/v2\/pages"}],"about":[{"href":"http:\/\/raizesescola.com.br\/unidade-2\/wp-json\/wp\/v2\/types\/page"}],"author":[{"embeddable":true,"href":"http:\/\/raizesescola.com.br\/unidade-2\/wp-json\/wp\/v2\/users\/6"}],"replies":[{"embeddable":true,"href":"http:\/\/raizesescola.com.br\/unidade-2\/wp-json\/wp\/v2\/comments?post=8060"}],"version-history":[{"count":64,"href":"http:\/\/raizesescola.com.br\/unidade-2\/wp-json\/wp\/v2\/pages\/8060\/revisions"}],"predecessor-version":[{"id":8135,"href":"http:\/\/raizesescola.com.br\/unidade-2\/wp-json\/wp\/v2\/pages\/8060\/revisions\/8135"}],"wp:attachment":[{"href":"http:\/\/raizesescola.com.br\/unidade-2\/wp-json\/wp\/v2\/media?parent=8060"}],"curies":[{"name":"wp","href":"https:\/\/api.w.org\/{rel}","templated":true}]}}