{"id":248,"date":"2017-07-31T11:25:04","date_gmt":"2017-07-31T14:25:04","guid":{"rendered":"http:\/\/raizesescola.com.br\/?page_id=2"},"modified":"2017-11-22T11:25:54","modified_gmt":"2017-11-22T13:25:54","slug":"matricula","status":"publish","type":"page","link":"https:\/\/raizesescola.com.br\/unidade-1\/matricula\/","title":{"rendered":"Matr\u00edculas Abertas"},"content":{"rendered":"<p>&nbsp;<\/p>\n<p>Entre em contato atrav\u00e9s do formul\u00e1rio abaixo ou fa\u00e7a uma visita.<\/p>\n<p>[su_row][su_column size=&#8221;1\/2&#8243; center=&#8221;no&#8221; class=&#8221;&#8221;]<div role=\"form\" class=\"wpcf7\" id=\"wpcf7-f278-o1\" lang=\"pt-BR\" dir=\"ltr\">\n<div class=\"screen-reader-response\"><p role=\"status\" aria-live=\"polite\" aria-atomic=\"true\"><\/p> <ul><\/ul><\/div>\n<form action=\"\/unidade-1\/wp-json\/wp\/v2\/pages\/248#wpcf7-f278-o1\" method=\"post\" class=\"wpcf7-form init\" novalidate=\"novalidate\" data-status=\"init\">\n<div style=\"display: none;\">\n<input type=\"hidden\" name=\"_wpcf7\" value=\"278\" \/>\n<input type=\"hidden\" name=\"_wpcf7_version\" value=\"5.6.4\" \/>\n<input type=\"hidden\" name=\"_wpcf7_locale\" value=\"pt_BR\" \/>\n<input type=\"hidden\" name=\"_wpcf7_unit_tag\" value=\"wpcf7-f278-o1\" \/>\n<input type=\"hidden\" name=\"_wpcf7_container_post\" value=\"0\" \/>\n<input type=\"hidden\" name=\"_wpcf7_posted_data_hash\" value=\"\" \/>\n<\/div>\n<p><label> Seu nome<br \/>\n    <span class=\"wpcf7-form-control-wrap\" data-name=\"your-name\"><input type=\"text\" name=\"your-name\" value=\"\" size=\"40\" class=\"wpcf7-form-control wpcf7-text wpcf7-validates-as-required\" aria-required=\"true\" aria-invalid=\"false\" \/><\/span> <\/label><\/p>\n<p><label> Nome do aluno<br \/>\n    <span class=\"wpcf7-form-control-wrap\" data-name=\"aluno-name\"><input type=\"text\" name=\"aluno-name\" value=\"\" size=\"40\" class=\"wpcf7-form-control wpcf7-text wpcf7-validates-as-required\" aria-required=\"true\" aria-invalid=\"false\" \/><\/span> <\/label><\/p>\n<p><label> Seu e-mail<br \/>\n    <span class=\"wpcf7-form-control-wrap\" data-name=\"your-email\"><input type=\"email\" name=\"your-email\" value=\"\" size=\"40\" class=\"wpcf7-form-control wpcf7-text wpcf7-email wpcf7-validates-as-required wpcf7-validates-as-email\" aria-required=\"true\" aria-invalid=\"false\" \/><\/span> <\/label><\/p>\n<p><label> S\u00e9rie<br \/>\n    <span class=\"wpcf7-form-control-wrap\" data-name=\"serie\"><input type=\"number\" name=\"serie\" value=\"\" class=\"wpcf7-form-control wpcf7-number wpcf7-validates-as-required wpcf7-validates-as-number\" aria-required=\"true\" aria-invalid=\"false\" \/><\/span> <\/label><\/p>\n<p> <\/label><br \/>\n<input type=\"submit\" value=\"Enviar\" class=\"wpcf7-form-control has-spinner wpcf7-submit\" \/><\/p>\n<div class=\"wpcf7-response-output\" aria-hidden=\"true\"><\/div><\/form><\/div>[\/su_column] [su_column size=&#8221;1\/2&#8243; center=&#8221;no&#8221; class=&#8221;&#8221;]<a href=\"https:\/\/www.google.com\/maps\/place\/Centro+educacional+Ra%C3%ADzes+-+Unidade+1+Ensino+infantil\/@-23.7839892,-45.6252686,17z\/data=!3m1!4b1!4m5!3m4!1s0x94d27fb93f73572d:0x5190c67800da4da9!8m2!3d-23.7839892!4d-45.6230799?hl=pt-BR\" target=\"_blank\" rel=\"noopener\"><img fetchpriority=\"high\" class=\"alignnone wp-image-280 size-full\" src=\"http:\/\/raizesescola.com.br\/unidade-1\/wp-content\/uploads\/sites\/4\/2017\/10\/Captura-de-Tela-2017-10-29-a\u0300s-00.34.44.png\" alt=\"\" width=\"461\" height=\"439\" srcset=\"https:\/\/raizesescola.com.br\/unidade-1\/wp-content\/uploads\/sites\/4\/2017\/10\/Captura-de-Tela-2017-10-29-a\u0300s-00.34.44.png 461w, https:\/\/raizesescola.com.br\/unidade-1\/wp-content\/uploads\/sites\/4\/2017\/10\/Captura-de-Tela-2017-10-29-a\u0300s-00.34.44-300x286.png 300w\" sizes=\"(max-width: 461px) 100vw, 461px\" \/><\/a>[\/su_column][\/su_row]<\/p>\n<p>&nbsp;<\/p>\n","protected":false},"excerpt":{"rendered":"<p>&nbsp; Entre em contato atrav\u00e9s do formul\u00e1rio abaixo ou fa\u00e7a uma visita. [su_row][su_column size=&#8221;1\/2&#8243; center=&#8221;no&#8221; class=&#8221;&#8221;][\/su_column] [su_column size=&#8221;1\/2&#8243; center=&#8221;no&#8221; class=&#8221;&#8221;][\/su_column][\/su_row] &nbsp;<\/p>\n","protected":false},"author":1,"featured_media":320,"parent":0,"menu_order":0,"comment_status":"closed","ping_status":"open","template":"page-matriculas.php","meta":[],"_links":{"self":[{"href":"https:\/\/raizesescola.com.br\/unidade-1\/wp-json\/wp\/v2\/pages\/248"}],"collection":[{"href":"https:\/\/raizesescola.com.br\/unidade-1\/wp-json\/wp\/v2\/pages"}],"about":[{"href":"https:\/\/raizesescola.com.br\/unidade-1\/wp-json\/wp\/v2\/types\/page"}],"author":[{"embeddable":true,"href":"https:\/\/raizesescola.com.br\/unidade-1\/wp-json\/wp\/v2\/users\/1"}],"replies":[{"embeddable":true,"href":"https:\/\/raizesescola.com.br\/unidade-1\/wp-json\/wp\/v2\/comments?post=248"}],"version-history":[{"count":10,"href":"https:\/\/raizesescola.com.br\/unidade-1\/wp-json\/wp\/v2\/pages\/248\/revisions"}],"predecessor-version":[{"id":338,"href":"https:\/\/raizesescola.com.br\/unidade-1\/wp-json\/wp\/v2\/pages\/248\/revisions\/338"}],"wp:featuredmedia":[{"embeddable":true,"href":"https:\/\/raizesescola.com.br\/unidade-1\/wp-json\/wp\/v2\/media\/320"}],"wp:attachment":[{"href":"https:\/\/raizesescola.com.br\/unidade-1\/wp-json\/wp\/v2\/media?parent=248"}],"curies":[{"name":"wp","href":"https:\/\/api.w.org\/{rel}","templated":true}]}}